{"id":144,"date":"2025-03-19T13:47:31","date_gmt":"2025-03-19T13:47:31","guid":{"rendered":"https:\/\/eurosalesman.com.au\/global-shop\/"},"modified":"2025-04-03T12:01:18","modified_gmt":"2025-04-03T12:01:18","slug":"global-shop","status":"publish","type":"page","link":"https:\/\/eurosalesman.com.au\/sv\/global-shop\/","title":{"rendered":"Global butik"},"content":{"rendered":"<div data-elementor-type=\"wp-page\" data-elementor-id=\"144\" class=\"elementor elementor-144\" data-elementor-post-type=\"page\">\n\t\t\t\t<div class=\"elementor-element elementor-element-5306419 e-con-full e-flex e-con e-parent\" data-id=\"5306419\" data-element_type=\"container\" data-e-type=\"container\">\n\t\t\t\t<div class=\"elementor-element elementor-element-59f88480 elementor-widget elementor-widget-shortcode\" data-id=\"59f88480\" data-element_type=\"widget\" data-e-type=\"widget\" data-widget_type=\"shortcode.default\">\n\t\t\t\t<div class=\"elementor-widget-container\">\n\t\t\t\t\t\t\t<div class=\"elementor-shortcode\"><style>.elementor-2419 .elementor-element.elementor-element-ba35f6d{--display:grid;--min-height:70vh;--e-con-grid-template-columns:1fr 2fr 1fr;--e-con-grid-template-rows:repeat(1, 1fr);--grid-auto-flow:row;}.elementor-2419 .elementor-element.elementor-element-c54bafb{--display:flex;}.elementor-2419 .elementor-element.elementor-element-c54bafb:not(.elementor-motion-effects-element-type-background), .elementor-2419 .elementor-element.elementor-element-c54bafb > .elementor-motion-effects-container > .elementor-motion-effects-layer{background-image:url(\"https:\/\/eurosalesman.com.au\/wp-content\/uploads\/shop-1.jpg\");}.elementor-2419 .elementor-element.elementor-element-96f99bd{--display:flex;--justify-content:center;--overlay-opacity:1;--padding-top:0rem;--padding-bottom:0rem;--padding-left:5rem;--padding-right:5rem;}.elementor-2419 .elementor-element.elementor-element-96f99bd::before, .elementor-2419 .elementor-element.elementor-element-96f99bd > .elementor-background-video-container::before, .elementor-2419 .elementor-element.elementor-element-96f99bd > .e-con-inner > .elementor-background-video-container::before, .elementor-2419 .elementor-element.elementor-element-96f99bd > .elementor-background-slideshow::before, .elementor-2419 .elementor-element.elementor-element-96f99bd > .e-con-inner > .elementor-background-slideshow::before, .elementor-2419 .elementor-element.elementor-element-96f99bd > .elementor-motion-effects-container > .elementor-motion-effects-layer::before{--background-overlay:'';background-color:transparent;background-image:linear-gradient(180deg, #FFFFFFBD 0%, #FFFFFF 100%);}.elementor-widget-heading .elementor-heading-title{font-family:var( --e-global-typography-primary-font-family ), Sans-serif;font-size:var( --e-global-typography-primary-font-size );font-weight:var( --e-global-typography-primary-font-weight );text-transform:var( --e-global-typography-primary-text-transform );font-style:var( --e-global-typography-primary-font-style );text-decoration:var( --e-global-typography-primary-text-decoration );line-height:var( --e-global-typography-primary-line-height );letter-spacing:var( --e-global-typography-primary-letter-spacing );word-spacing:var( --e-global-typography-primary-word-spacing );color:var( --e-global-color-primary );}.elementor-2419 .elementor-element.elementor-element-c88be53{text-align:center;}.elementor-widget-text-editor{font-family:var( --e-global-typography-text-font-family ), Sans-serif;font-size:var( --e-global-typography-text-font-size );font-weight:var( --e-global-typography-text-font-weight );text-transform:var( --e-global-typography-text-text-transform );font-style:var( --e-global-typography-text-font-style );text-decoration:var( --e-global-typography-text-text-decoration );line-height:var( --e-global-typography-text-line-height );letter-spacing:var( --e-global-typography-text-letter-spacing );word-spacing:var( --e-global-typography-text-word-spacing );color:var( --e-global-color-text );}.elementor-widget-text-editor.elementor-drop-cap-view-stacked .elementor-drop-cap{background-color:var( --e-global-color-primary );}.elementor-widget-text-editor.elementor-drop-cap-view-framed .elementor-drop-cap, .elementor-widget-text-editor.elementor-drop-cap-view-default .elementor-drop-cap{color:var( --e-global-color-primary );border-color:var( --e-global-color-primary );}.elementor-2419 .elementor-element.elementor-element-fd22934{text-align:center;font-family:var( --e-global-typography-8606eb9-font-family ), Sans-serif;font-size:var( --e-global-typography-8606eb9-font-size );font-weight:var( --e-global-typography-8606eb9-font-weight );text-transform:var( --e-global-typography-8606eb9-text-transform );font-style:var( --e-global-typography-8606eb9-font-style );text-decoration:var( --e-global-typography-8606eb9-text-decoration );line-height:var( --e-global-typography-8606eb9-line-height );letter-spacing:var( --e-global-typography-8606eb9-letter-spacing );word-spacing:var( --e-global-typography-8606eb9-word-spacing );}.elementor-2419 .elementor-element.elementor-element-fd22934 > .elementor-widget-container{margin:03rem 0rem 0rem 0rem;}.elementor-2419 .elementor-element.elementor-element-2a30a23{--display:flex;}.elementor-2419 .elementor-element.elementor-element-2a30a23:not(.elementor-motion-effects-element-type-background), .elementor-2419 .elementor-element.elementor-element-2a30a23 > .elementor-motion-effects-container > .elementor-motion-effects-layer{background-image:url(\"https:\/\/eurosalesman.com.au\/wp-content\/uploads\/shop-2.jpg\");}.elementor-2419 .elementor-element.elementor-element-ea6cc79{--display:flex;--padding-top:7rem;--padding-bottom:7rem;--padding-left:3rem;--padding-right:3rem;}@media(max-width:1024px){.elementor-2419 .elementor-element.elementor-element-ba35f6d{--grid-auto-flow:row;}.elementor-widget-heading .elementor-heading-title{font-size:var( --e-global-typography-primary-font-size );line-height:var( --e-global-typography-primary-line-height );letter-spacing:var( --e-global-typography-primary-letter-spacing );word-spacing:var( --e-global-typography-primary-word-spacing );}.elementor-widget-text-editor{font-size:var( --e-global-typography-text-font-size );line-height:var( --e-global-typography-text-line-height );letter-spacing:var( --e-global-typography-text-letter-spacing );word-spacing:var( --e-global-typography-text-word-spacing );}.elementor-2419 .elementor-element.elementor-element-fd22934{font-size:var( --e-global-typography-8606eb9-font-size );line-height:var( --e-global-typography-8606eb9-line-height );letter-spacing:var( --e-global-typography-8606eb9-letter-spacing );word-spacing:var( --e-global-typography-8606eb9-word-spacing );}}@media(max-width:767px){.elementor-2419 .elementor-element.elementor-element-ba35f6d{--e-con-grid-template-columns:1;--e-con-grid-template-rows:repeat(1, 1fr);--grid-auto-flow:row;}.elementor-widget-heading .elementor-heading-title{font-size:var( --e-global-typography-primary-font-size );line-height:var( --e-global-typography-primary-line-height );letter-spacing:var( --e-global-typography-primary-letter-spacing );word-spacing:var( --e-global-typography-primary-word-spacing );}.elementor-widget-text-editor{font-size:var( --e-global-typography-text-font-size );line-height:var( --e-global-typography-text-line-height );letter-spacing:var( --e-global-typography-text-letter-spacing );word-spacing:var( --e-global-typography-text-word-spacing );}.elementor-2419 .elementor-element.elementor-element-fd22934{font-size:var( --e-global-typography-8606eb9-font-size );line-height:var( --e-global-typography-8606eb9-line-height );letter-spacing:var( --e-global-typography-8606eb9-letter-spacing );word-spacing:var( --e-global-typography-8606eb9-word-spacing );}}<\/style>\t\t<div data-elementor-type=\"section\" data-elementor-id=\"2419\" class=\"elementor elementor-2419\" data-elementor-post-type=\"elementor_library\">\n\t\t\t<div class=\"elementor-element elementor-element-ba35f6d e-grid e-con-full e-con e-parent\" data-id=\"ba35f6d\" data-element_type=\"container\" data-e-type=\"container\">\n\t\t<div class=\"elementor-element elementor-element-c54bafb e-con-full e-flex e-con e-child\" data-id=\"c54bafb\" data-element_type=\"container\" data-e-type=\"container\" data-settings=\"{&quot;background_background&quot;:&quot;classic&quot;}\">\n\t\t\t\t<\/div>\n\t\t<div class=\"elementor-element elementor-element-96f99bd e-con-full e-flex e-con e-child\" data-id=\"96f99bd\" data-element_type=\"container\" data-e-type=\"container\" data-settings=\"{&quot;background_background&quot;:&quot;classic&quot;}\">\n\t\t\t\t<div class=\"elementor-element elementor-element-c88be53 elementor-widget elementor-widget-heading\" data-id=\"c88be53\" data-element_type=\"widget\" data-e-type=\"widget\" data-widget_type=\"heading.default\">\n\t\t\t\t<div class=\"elementor-widget-container\">\n\t\t\t\t\t<h1 class=\"elementor-heading-title elementor-size-default\">V\u00e4lkommen till Eurosalesman\u00ae Global Shop<\/h1>\t\t\t\t<\/div>\n\t\t\t\t<\/div>\n\t\t\t\t<div class=\"elementor-element elementor-element-fd22934 elementor-widget elementor-widget-text-editor\" data-id=\"fd22934\" data-element_type=\"widget\" data-e-type=\"widget\" data-widget_type=\"text-editor.default\">\n\t\t\t\t<div class=\"elementor-widget-container\">\n\t\t\t\t\t\t\t\t\t<p class=\"\" data-start=\"247\" data-end=\"584\"><strong>D\u00e4r tillv\u00e4xtverktyg m\u00f6ter lokala marknader - globalt<\/strong><\/p><p class=\"\" data-start=\"247\" data-end=\"584\">Den <strong data-start=\"251\" data-end=\"281\">Eurosalesman\u00ae Partnerbutik<\/strong> \u00e4r din ink\u00f6rsport till <strong data-start=\"301\" data-end=\"342\">noggrant utvalda tj\u00e4nster och verktyg<\/strong> utformad f\u00f6r att p\u00e5skynda ditt f\u00f6retags tillv\u00e4xt i <strong data-start=\"390\" data-end=\"427\">v\u00e4rldens mest v\u00e4rdefulla marknader<\/strong>. Varje partner v\u00e4ljs f\u00f6r att passa in i v\u00e5rt uppdrag - att<strong data-start=\"479\" data-end=\"581\">ger dig tillg\u00e5ng till l\u00f6sningar som fungerar p\u00e5 lokal niv\u00e5, oavsett var du \u00e4r verksam globalt<\/strong>.<\/p>\t\t\t\t\t\t\t\t<\/div>\n\t\t\t\t<\/div>\n\t\t\t\t<\/div>\n\t\t<div class=\"elementor-element elementor-element-2a30a23 e-con-full e-flex e-con e-child\" data-id=\"2a30a23\" data-element_type=\"container\" data-e-type=\"container\" data-settings=\"{&quot;background_background&quot;:&quot;classic&quot;}\">\n\t\t\t\t<\/div>\n\t\t\t\t<\/div>\n\t\t<div class=\"elementor-element elementor-element-ea6cc79 e-con-full e-flex e-con e-parent\" data-id=\"ea6cc79\" data-element_type=\"container\" data-e-type=\"container\">\n\t\t\t\t<div class=\"elementor-element elementor-element-bb9aff8 elementor-widget elementor-widget-shortcode\" data-id=\"bb9aff8\" data-element_type=\"widget\" data-e-type=\"widget\" data-widget_type=\"shortcode.default\">\n\t\t\t\t<div class=\"elementor-widget-container\">\n\t\t\t\t\t\t\t<div class=\"elementor-shortcode\"><div class=\"myplugin-site-posts\"><div class=\"site-post\"><div class=\"site-post-image\" style=\"background-image: url(https:\/\/eurosalesman.com\/wp-content\/uploads\/blogify.jpg);\"><\/div><div class=\"site-post-content\"><h3><a href=\"https:\/\/eurosalesman.com\/sv\/blogify-ai\/\" target=\"_blank\">Blogify AI<\/a><\/h3><p>Blogify.ai - Skapa inneh\u00e5ll med h\u00f6g genomslagskraft i snabb takt I dagens digitala landskap \u00e4r inneh\u00e5ll valuta - och Blogify.ai \u00e4r din...<\/p><a href=\"https:\/\/eurosalesman.com\/sv\/blogify-ai\/\" class=\"read-more\" target=\"_blank\">L\u00e4s mer om<\/a><\/div><\/div><\/div>\n<\/div>\n\t\t\t\t\t\t<\/div>\n\t\t\t\t<\/div>\n\t\t\t\t<\/div>\n\t\t\t\t<\/div>\n\t\t<\/div>\n\t\t\t\t\t\t<\/div>\n\t\t\t\t<\/div>\n\t\t\t\t<\/div>\n\t\t\t\t<\/div>","protected":false},"excerpt":{"rendered":"","protected":false},"author":3,"featured_media":0,"parent":0,"menu_order":0,"comment_status":"closed","ping_status":"closed","template":"","meta":{"footnotes":""},"class_list":["post-144","page","type-page","status-publish","hentry"],"_links":{"self":[{"href":"https:\/\/eurosalesman.com.au\/sv\/wp-json\/wp\/v2\/pages\/144","targetHints":{"allow":["GET"]}}],"collection":[{"href":"https:\/\/eurosalesman.com.au\/sv\/wp-json\/wp\/v2\/pages"}],"about":[{"href":"https:\/\/eurosalesman.com.au\/sv\/wp-json\/wp\/v2\/types\/page"}],"author":[{"embeddable":true,"href":"https:\/\/eurosalesman.com.au\/sv\/wp-json\/wp\/v2\/users\/3"}],"replies":[{"embeddable":true,"href":"https:\/\/eurosalesman.com.au\/sv\/wp-json\/wp\/v2\/comments?post=144"}],"version-history":[{"count":3,"href":"https:\/\/eurosalesman.com.au\/sv\/wp-json\/wp\/v2\/pages\/144\/revisions"}],"predecessor-version":[{"id":148,"href":"https:\/\/eurosalesman.com.au\/sv\/wp-json\/wp\/v2\/pages\/144\/revisions\/148"}],"wp:attachment":[{"href":"https:\/\/eurosalesman.com.au\/sv\/wp-json\/wp\/v2\/media?parent=144"}],"curies":[{"name":"wp","href":"https:\/\/api.w.org\/{rel}","templated":true}]}}